{"id":9790,"date":"2024-06-14T10:41:13","date_gmt":"2024-06-14T08:41:13","guid":{"rendered":"https:\/\/sidereus.site\/product-page\/slider-shootools-modula-80-cm\/"},"modified":"2025-07-18T18:14:26","modified_gmt":"2025-07-18T16:14:26","slug":"slider-shootools-modula-80-cm","status":"publish","type":"product","link":"https:\/\/sidereus.site\/en\/product-page\/slider-shootools-modula-80-cm\/","title":{"rendered":"Slider Shootools Modula 80 cm"},"content":{"rendered":"<p>The Shootools Modula 80 cm Slider for rent in Milan is your ideal and practical solution for any photo and video shoot. Every component meets high-quality and performance standards, and is assembled, tested, and packaged by hand with the high #MadeInItaly standard. <\/p>\n<h4><\/h4>\n<h4>Technical features:<\/h4>\n<ul>\n<li>80 cm rail<\/li>\n<li>Slider with video-head<\/li>\n<\/ul>\n<p><!--more--><\/p>\n<h4><\/h4>\n<h4>Tips<\/h4>\n<p>Thanks to the rubber-wheel cart system, the Shootools Modula Slider for rent in Milan ensures perfectly smooth and silent shots. It features an anti-flex aluminum structure with a quick setup system. The motors allow you to automate slow, continuous, or timelapse-synced movements. For tracking shots and ultra-smooth moves, the slider is the tool that comes to the rescue. This Italian-made product is built with wheels made from an extremely durable technopolymer that also ensures quieter shooting than ever.    <\/p>\n<p>Il sistema di scorrimento contiene otto cuscinetti a sfera per un funzionamento silenzioso e che non ha bisogno di manutenzione. Consigliamo sempre di noleggiare un cavalletto robusto per sostenere il centro dello slider (i soli stativi inclusi nel noleggio dello slider non garantiscono la migliore stabilit\u00e0 delle riprese). Per portare la qualit\u00e0 delle tue riprese al livello successivo e per raggiungere gli standard professionali che desideri, aggiungi alla tua lista di attrezzature lo Slider Shootools Modula. In questo modo potrai aggiungere il movimento di qualit\u00e0 nel tuo arsenale di opzioni nella shooting list. Lo slider \u00e8 uno strumento estremamente versatile perch\u00e8 si presta perfettamente a situazioni di shooting in interni ed esterni.     Add the slider to one of <a href=\"?product_cat=bundle\">these bundles<\/a> we\u2019ve already created for you and share your shoots with us on <a href=\"https:\/\/www.instagram.com\/sidereus_milano\/\">Instagram<\/a>.<\/p>\n","protected":false},"excerpt":{"rendered":"<p>The Shootools Modula 80 cm Slider for rent in Milan is your ideal and practical solution for any photo and video shoot. Every component meets high-quality and performance standards, and is assembled, tested, and packaged by hand with the high #MadeInItaly standard. Technical features: 80 cm rail Slider with video-head<\/p>\n","protected":false},"featured_media":8491,"template":"","meta":{"_acf_changed":false,"inline_featured_image":false,"ub_ctt_via":""},"product_brand":[],"product_cat":[307],"product_tag":[],"class_list":{"0":"post-9790","1":"product","2":"type-product","3":"status-publish","4":"has-post-thumbnail","6":"product_cat-supporti-en","8":"first","9":"instock","10":"taxable","11":"shipping-taxable","12":"purchasable","13":"product-type-simple"},"bundled_by":[],"bundle_stock_status":"instock","bundle_stock_quantity":null,"bundle_virtual":false,"bundle_layout":"","bundle_add_to_cart_form_location":"","bundle_editable_in_cart":false,"bundle_sold_individually_context":"","bundle_item_grouping":"","bundle_min_size":"","bundle_max_size":"","bundle_price":[],"bundled_items":[],"bundle_sell_ids":[],"acf":[],"yoast_head":"<!-- This site is optimized with the Yoast SEO Premium plugin v25.0 (Yoast SEO v25.0) - https:\/\/yoast.com\/wordpress\/plugins\/seo\/ -->\n<title>Slider Shootools Modula 80 for rent in Milan by Sidereus<\/title>\n<meta name=\"description\" content=\"The Shootools Modula 80 Slider for rent in Milan is your ideal and practical solution for any photo and video shoot.\" \/>\n<meta name=\"robots\" content=\"index, follow, max-snippet:-1, max-image-preview:large, max-video-preview:-1\" \/>\n<link rel=\"canonical\" href=\"https:\/\/sidereus.site\/en\/product-page\/slider-shootools-modula-80-cm\/\" \/>\n<meta property=\"og:locale\" content=\"en_US\" \/>\n<meta property=\"og:type\" content=\"article\" \/>\n<meta property=\"og:title\" content=\"Slider Shootools Modula 80 cm\" \/>\n<meta property=\"og:description\" content=\"The Shootools Modula 80 Slider for rent in Milan is your ideal and practical solution for any photo and video shoot.\" \/>\n<meta property=\"og:url\" content=\"https:\/\/sidereus.site\/en\/product-page\/slider-shootools-modula-80-cm\/\" \/>\n<meta property=\"og:site_name\" content=\"Sidereus\" \/>\n<meta property=\"article:publisher\" content=\"https:\/\/it-it.facebook.com\/sidereusrental\/\" \/>\n<meta property=\"article:modified_time\" content=\"2025-07-18T16:14:26+00:00\" \/>\n<meta property=\"og:image\" content=\"https:\/\/sidereus.site\/wp-content\/uploads\/2024\/06\/Noleggio-Shootools-Modula-Slider-da-Sidereus.png\" \/>\n\t<meta property=\"og:image:width\" content=\"1280\" \/>\n\t<meta property=\"og:image:height\" content=\"720\" \/>\n\t<meta property=\"og:image:type\" content=\"image\/png\" \/>\n<meta name=\"twitter:label1\" content=\"Est. reading time\" \/>\n\t<meta name=\"twitter:data1\" content=\"1 minute\" \/>\n<script type=\"application\/ld+json\" class=\"yoast-schema-graph\">{\"@context\":\"https:\/\/schema.org\",\"@graph\":[{\"@type\":\"WebPage\",\"@id\":\"https:\/\/sidereus.site\/en\/product-page\/slider-shootools-modula-80-cm\/\",\"url\":\"https:\/\/sidereus.site\/en\/product-page\/slider-shootools-modula-80-cm\/\",\"name\":\"Slider Shootools Modula 80 for rent in Milan by Sidereus\",\"isPartOf\":{\"@id\":\"https:\/\/sidereus.site\/en\/#website\"},\"primaryImageOfPage\":{\"@id\":\"https:\/\/sidereus.site\/en\/product-page\/slider-shootools-modula-80-cm\/#primaryimage\"},\"image\":{\"@id\":\"https:\/\/sidereus.site\/en\/product-page\/slider-shootools-modula-80-cm\/#primaryimage\"},\"thumbnailUrl\":\"https:\/\/sidereus.site\/wp-content\/uploads\/2024\/06\/Noleggio-Shootools-Modula-Slider-da-Sidereus.png\",\"datePublished\":\"2024-06-14T08:41:13+00:00\",\"dateModified\":\"2025-07-18T16:14:26+00:00\",\"description\":\"The Shootools Modula 80 Slider for rent in Milan is your ideal and practical solution for any photo and video shoot.\",\"breadcrumb\":{\"@id\":\"https:\/\/sidereus.site\/en\/product-page\/slider-shootools-modula-80-cm\/#breadcrumb\"},\"inLanguage\":\"en-US\",\"potentialAction\":[{\"@type\":\"ReadAction\",\"target\":[\"https:\/\/sidereus.site\/en\/product-page\/slider-shootools-modula-80-cm\/\"]}]},{\"@type\":\"ImageObject\",\"inLanguage\":\"en-US\",\"@id\":\"https:\/\/sidereus.site\/en\/product-page\/slider-shootools-modula-80-cm\/#primaryimage\",\"url\":\"https:\/\/sidereus.site\/wp-content\/uploads\/2024\/06\/Noleggio-Shootools-Modula-Slider-da-Sidereus.png\",\"contentUrl\":\"https:\/\/sidereus.site\/wp-content\/uploads\/2024\/06\/Noleggio-Shootools-Modula-Slider-da-Sidereus.png\",\"width\":1280,\"height\":720,\"caption\":\"Slider Shootools Modula 80 for rent in Milan, Slider Shootools, Modula, Slider Shootools Modula rental Milan, rental slider in milan, Slider Shootools Modula 150cm for rent in Milan, Slider Shootools Modula 40 for hire in Milan\"},{\"@type\":\"BreadcrumbList\",\"@id\":\"https:\/\/sidereus.site\/en\/product-page\/slider-shootools-modula-80-cm\/#breadcrumb\",\"itemListElement\":[{\"@type\":\"ListItem\",\"position\":1,\"name\":\"Home\",\"item\":\"https:\/\/sidereus.site\/en\/\"},{\"@type\":\"ListItem\",\"position\":2,\"name\":\"Rental\",\"item\":\"https:\/\/sidereus.site\/en\/noleggio-attrezzature-audiovisive-a-milano\/\"},{\"@type\":\"ListItem\",\"position\":3,\"name\":\"Slider Shootools Modula 80 cm\"}]},{\"@type\":\"WebSite\",\"@id\":\"https:\/\/sidereus.site\/en\/#website\",\"url\":\"https:\/\/sidereus.site\/en\/\",\"name\":\"Sidereus\",\"description\":\"Ready to rent\",\"publisher\":{\"@id\":\"https:\/\/sidereus.site\/en\/#organization\"},\"potentialAction\":[{\"@type\":\"SearchAction\",\"target\":{\"@type\":\"EntryPoint\",\"urlTemplate\":\"https:\/\/sidereus.site\/en\/?s={search_term_string}\"},\"query-input\":{\"@type\":\"PropertyValueSpecification\",\"valueRequired\":true,\"valueName\":\"search_term_string\"}}],\"inLanguage\":\"en-US\"},{\"@type\":\"Organization\",\"@id\":\"https:\/\/sidereus.site\/en\/#organization\",\"name\":\"SIDEREUS\",\"url\":\"https:\/\/sidereus.site\/en\/\",\"logo\":{\"@type\":\"ImageObject\",\"inLanguage\":\"en-US\",\"@id\":\"https:\/\/sidereus.site\/en\/#\/schema\/logo\/image\/\",\"url\":\"https:\/\/sidereus.site\/wp-content\/uploads\/2022\/01\/Group-348.svg\",\"contentUrl\":\"https:\/\/sidereus.site\/wp-content\/uploads\/2022\/01\/Group-348.svg\",\"width\":42,\"height\":22,\"caption\":\"SIDEREUS\"},\"image\":{\"@id\":\"https:\/\/sidereus.site\/en\/#\/schema\/logo\/image\/\"},\"sameAs\":[\"https:\/\/it-it.facebook.com\/sidereusrental\/\",\"https:\/\/www.instagram.com\/sidereus_milano\/\"],\"vatID\":\"IT09929560960\"}]}<\/script>\n<!-- \/ Yoast SEO Premium plugin. -->","yoast_head_json":{"title":"Slider Shootools Modula 80 for rent in Milan by Sidereus","description":"The Shootools Modula 80 Slider for rent in Milan is your ideal and practical solution for any photo and video shoot.","robots":{"index":"index","follow":"follow","max-snippet":"max-snippet:-1","max-image-preview":"max-image-preview:large","max-video-preview":"max-video-preview:-1"},"canonical":"https:\/\/sidereus.site\/en\/product-page\/slider-shootools-modula-80-cm\/","og_locale":"en_US","og_type":"article","og_title":"Slider Shootools Modula 80 cm","og_description":"The Shootools Modula 80 Slider for rent in Milan is your ideal and practical solution for any photo and video shoot.","og_url":"https:\/\/sidereus.site\/en\/product-page\/slider-shootools-modula-80-cm\/","og_site_name":"Sidereus","article_publisher":"https:\/\/it-it.facebook.com\/sidereusrental\/","article_modified_time":"2025-07-18T16:14:26+00:00","og_image":[{"width":1280,"height":720,"url":"https:\/\/sidereus.site\/wp-content\/uploads\/2024\/06\/Noleggio-Shootools-Modula-Slider-da-Sidereus.png","type":"image\/png"}],"twitter_misc":{"Est. reading time":"1 minute"},"schema":{"@context":"https:\/\/schema.org","@graph":[{"@type":"WebPage","@id":"https:\/\/sidereus.site\/en\/product-page\/slider-shootools-modula-80-cm\/","url":"https:\/\/sidereus.site\/en\/product-page\/slider-shootools-modula-80-cm\/","name":"Slider Shootools Modula 80 for rent in Milan by Sidereus","isPartOf":{"@id":"https:\/\/sidereus.site\/en\/#website"},"primaryImageOfPage":{"@id":"https:\/\/sidereus.site\/en\/product-page\/slider-shootools-modula-80-cm\/#primaryimage"},"image":{"@id":"https:\/\/sidereus.site\/en\/product-page\/slider-shootools-modula-80-cm\/#primaryimage"},"thumbnailUrl":"https:\/\/sidereus.site\/wp-content\/uploads\/2024\/06\/Noleggio-Shootools-Modula-Slider-da-Sidereus.png","datePublished":"2024-06-14T08:41:13+00:00","dateModified":"2025-07-18T16:14:26+00:00","description":"The Shootools Modula 80 Slider for rent in Milan is your ideal and practical solution for any photo and video shoot.","breadcrumb":{"@id":"https:\/\/sidereus.site\/en\/product-page\/slider-shootools-modula-80-cm\/#breadcrumb"},"inLanguage":"en-US","potentialAction":[{"@type":"ReadAction","target":["https:\/\/sidereus.site\/en\/product-page\/slider-shootools-modula-80-cm\/"]}]},{"@type":"ImageObject","inLanguage":"en-US","@id":"https:\/\/sidereus.site\/en\/product-page\/slider-shootools-modula-80-cm\/#primaryimage","url":"https:\/\/sidereus.site\/wp-content\/uploads\/2024\/06\/Noleggio-Shootools-Modula-Slider-da-Sidereus.png","contentUrl":"https:\/\/sidereus.site\/wp-content\/uploads\/2024\/06\/Noleggio-Shootools-Modula-Slider-da-Sidereus.png","width":1280,"height":720,"caption":"Slider Shootools Modula 80 for rent in Milan, Slider Shootools, Modula, Slider Shootools Modula rental Milan, rental slider in milan, Slider Shootools Modula 150cm for rent in Milan, Slider Shootools Modula 40 for hire in Milan"},{"@type":"BreadcrumbList","@id":"https:\/\/sidereus.site\/en\/product-page\/slider-shootools-modula-80-cm\/#breadcrumb","itemListElement":[{"@type":"ListItem","position":1,"name":"Home","item":"https:\/\/sidereus.site\/en\/"},{"@type":"ListItem","position":2,"name":"Rental","item":"https:\/\/sidereus.site\/en\/noleggio-attrezzature-audiovisive-a-milano\/"},{"@type":"ListItem","position":3,"name":"Slider Shootools Modula 80 cm"}]},{"@type":"WebSite","@id":"https:\/\/sidereus.site\/en\/#website","url":"https:\/\/sidereus.site\/en\/","name":"Sidereus","description":"Ready to rent","publisher":{"@id":"https:\/\/sidereus.site\/en\/#organization"},"potentialAction":[{"@type":"SearchAction","target":{"@type":"EntryPoint","urlTemplate":"https:\/\/sidereus.site\/en\/?s={search_term_string}"},"query-input":{"@type":"PropertyValueSpecification","valueRequired":true,"valueName":"search_term_string"}}],"inLanguage":"en-US"},{"@type":"Organization","@id":"https:\/\/sidereus.site\/en\/#organization","name":"SIDEREUS","url":"https:\/\/sidereus.site\/en\/","logo":{"@type":"ImageObject","inLanguage":"en-US","@id":"https:\/\/sidereus.site\/en\/#\/schema\/logo\/image\/","url":"https:\/\/sidereus.site\/wp-content\/uploads\/2022\/01\/Group-348.svg","contentUrl":"https:\/\/sidereus.site\/wp-content\/uploads\/2022\/01\/Group-348.svg","width":42,"height":22,"caption":"SIDEREUS"},"image":{"@id":"https:\/\/sidereus.site\/en\/#\/schema\/logo\/image\/"},"sameAs":["https:\/\/it-it.facebook.com\/sidereusrental\/","https:\/\/www.instagram.com\/sidereus_milano\/"],"vatID":"IT09929560960"}]}},"_links":{"self":[{"href":"https:\/\/sidereus.site\/en\/wp-json\/wp\/v2\/product\/9790"}],"collection":[{"href":"https:\/\/sidereus.site\/en\/wp-json\/wp\/v2\/product"}],"about":[{"href":"https:\/\/sidereus.site\/en\/wp-json\/wp\/v2\/types\/product"}],"wp:featuredmedia":[{"embeddable":true,"href":"https:\/\/sidereus.site\/en\/wp-json\/wp\/v2\/media\/8491"}],"wp:attachment":[{"href":"https:\/\/sidereus.site\/en\/wp-json\/wp\/v2\/media?parent=9790"}],"wp:term":[{"taxonomy":"product_brand","embeddable":true,"href":"https:\/\/sidereus.site\/en\/wp-json\/wp\/v2\/product_brand?post=9790"},{"taxonomy":"product_cat","embeddable":true,"href":"https:\/\/sidereus.site\/en\/wp-json\/wp\/v2\/product_cat?post=9790"},{"taxonomy":"product_tag","embeddable":true,"href":"https:\/\/sidereus.site\/en\/wp-json\/wp\/v2\/product_tag?post=9790"}],"curies":[{"name":"wp","href":"https:\/\/api.w.org\/{rel}","templated":true}]}}