{"id":1714,"date":"2023-09-21T08:50:03","date_gmt":"2023-09-21T06:50:03","guid":{"rendered":"http:\/\/sidereus.site\/product-page\/boom-pole\/"},"modified":"2025-05-08T17:10:18","modified_gmt":"2025-05-08T15:10:18","slug":"asta-boom","status":"publish","type":"product","link":"https:\/\/sidereus.site\/en\/product-page\/asta-boom\/","title":{"rendered":"Boom pole"},"content":{"rendered":"<p>The Boom pole for rent in Milan, also known as a microphone stand or boom rod, is an instrument used for professional audio recording.<\/p>\n<h4>Features<\/h4>\n<ul>\n<li>\u2022 Minimum length: 1m<\/li>\n<li>\u2022 Maximum lenght: 3m<\/li>\n<li>\u2022 Weight: 950g<\/li>\n<\/ul>\n<h4>Tips&#8230;<\/h4>\n<p><!--more--><\/p>\n<p>The Boom Pole for rent, also known as a microphone stand or boom rod, is an instrument used for professional audio recording. L&#8217;asta \u00e8 composta da un tubo metallico estensibile, con un&#8217;estremit\u00e0 che ospita il microfono e un&#8217;altra estremit\u00e0 con una maniglia per il controllo dell&#8217;asta.<\/p>\n<p>The Boom pole for rent in Milan is used to position the microphone precisely near the sound source, such as the actor in a theater or film production, the singer in a musical performance, or the presenter at a conference. The boom allows the microphone to be kept at a constant distance from the sound source, enabling high-quality audio recording.<\/p>\n<p>In addition, the boom pole can be <a href=\"https:\/\/sidereus.site\/grimorio\/\" target=\"_blank\" rel=\"noopener\">used to<\/a> allow the sound engineer to move freely around the sound source, keeping the microphone in a constant position. This is especially useful when filming <a href=\"https:\/\/www.instagram.com\/sidereus_milano\/\" target=\"_blank\" rel=\"noopener\">complex<\/a> scenes where the sound source moves during shooting, such as in an action movie.<\/p>\n","protected":false},"excerpt":{"rendered":"<p>The Boom pole for rent in Milan, also known as a microphone stand or boom rod, is an instrument used for professional audio recording. Features \u2022 Minimum length: 1m \u2022 Maximum lenght: 3m \u2022 Weight: 950g Tips&#8230;<\/p>\n","protected":false},"featured_media":8461,"template":"","meta":{"_acf_changed":false,"inline_featured_image":false,"ub_ctt_via":""},"product_brand":[],"product_cat":[520],"product_tag":[],"class_list":{"0":"post-1714","1":"product","2":"type-product","3":"status-publish","4":"has-post-thumbnail","6":"product_cat-supports","7":"product_shipping_class-medium","9":"first","10":"instock","11":"taxable","12":"shipping-taxable","13":"purchasable","14":"product-type-simple"},"bundled_by":[],"bundle_stock_status":"instock","bundle_stock_quantity":null,"bundle_virtual":false,"bundle_layout":"","bundle_add_to_cart_form_location":"","bundle_editable_in_cart":false,"bundle_sold_individually_context":"","bundle_item_grouping":"","bundle_min_size":"","bundle_max_size":"","bundle_price":[],"bundled_items":[],"bundle_sell_ids":[],"acf":[],"yoast_head":"<!-- This site is optimized with the Yoast SEO Premium plugin v25.0 (Yoast SEO v25.0) - https:\/\/yoast.com\/wordpress\/plugins\/seo\/ -->\n<title>Boom pole for rent in Milan by Sidereus<\/title>\n<meta name=\"description\" content=\"The Boom pole for rent in Milan, also known as a microphone stand or boom rod, is an instrument used for professional audio recording\" \/>\n<meta name=\"robots\" content=\"index, follow, max-snippet:-1, max-image-preview:large, max-video-preview:-1\" \/>\n<link rel=\"canonical\" href=\"https:\/\/sidereus.site\/en\/product-page\/asta-boom\/\" \/>\n<meta property=\"og:locale\" content=\"en_US\" \/>\n<meta property=\"og:type\" content=\"article\" \/>\n<meta property=\"og:title\" content=\"Boom pole\" \/>\n<meta property=\"og:description\" content=\"The Boom pole for rent in Milan, also known as a microphone stand or boom rod, is an instrument used for professional audio recording\" \/>\n<meta property=\"og:url\" content=\"https:\/\/sidereus.site\/en\/product-page\/asta-boom\/\" \/>\n<meta property=\"og:site_name\" content=\"Sidereus\" \/>\n<meta property=\"article:publisher\" content=\"https:\/\/it-it.facebook.com\/sidereusrental\/\" \/>\n<meta property=\"article:modified_time\" content=\"2025-05-08T15:10:18+00:00\" \/>\n<meta property=\"og:image\" content=\"https:\/\/sidereus.site\/wp-content\/uploads\/2024\/08\/ASTA-BOOM-a-noleggio-01.png\" \/>\n\t<meta property=\"og:image:width\" content=\"1280\" \/>\n\t<meta property=\"og:image:height\" content=\"720\" \/>\n\t<meta property=\"og:image:type\" content=\"image\/png\" \/>\n<meta name=\"twitter:label1\" content=\"Est. reading time\" \/>\n\t<meta name=\"twitter:data1\" content=\"1 minute\" \/>\n<script type=\"application\/ld+json\" class=\"yoast-schema-graph\">{\"@context\":\"https:\/\/schema.org\",\"@graph\":[{\"@type\":\"WebPage\",\"@id\":\"https:\/\/sidereus.site\/en\/product-page\/asta-boom\/\",\"url\":\"https:\/\/sidereus.site\/en\/product-page\/asta-boom\/\",\"name\":\"Boom pole for rent in Milan by Sidereus\",\"isPartOf\":{\"@id\":\"https:\/\/sidereus.site\/en\/#website\"},\"primaryImageOfPage\":{\"@id\":\"https:\/\/sidereus.site\/en\/product-page\/asta-boom\/#primaryimage\"},\"image\":{\"@id\":\"https:\/\/sidereus.site\/en\/product-page\/asta-boom\/#primaryimage\"},\"thumbnailUrl\":\"https:\/\/sidereus.site\/wp-content\/uploads\/2024\/08\/ASTA-BOOM-a-noleggio-01.png\",\"datePublished\":\"2023-09-21T06:50:03+00:00\",\"dateModified\":\"2025-05-08T15:10:18+00:00\",\"description\":\"The Boom pole for rent in Milan, also known as a microphone stand or boom rod, is an instrument used for professional audio recording\",\"breadcrumb\":{\"@id\":\"https:\/\/sidereus.site\/en\/product-page\/asta-boom\/#breadcrumb\"},\"inLanguage\":\"en-US\",\"potentialAction\":[{\"@type\":\"ReadAction\",\"target\":[\"https:\/\/sidereus.site\/en\/product-page\/asta-boom\/\"]}]},{\"@type\":\"ImageObject\",\"inLanguage\":\"en-US\",\"@id\":\"https:\/\/sidereus.site\/en\/product-page\/asta-boom\/#primaryimage\",\"url\":\"https:\/\/sidereus.site\/wp-content\/uploads\/2024\/08\/ASTA-BOOM-a-noleggio-01.png\",\"contentUrl\":\"https:\/\/sidereus.site\/wp-content\/uploads\/2024\/08\/ASTA-BOOM-a-noleggio-01.png\",\"width\":1280,\"height\":720,\"caption\":\"Asta boom, Giraffa, Rode NTG4+, Microfono Shotgun, Rode Blimp, Zeppelin, Asta Boom a noleggio\"},{\"@type\":\"BreadcrumbList\",\"@id\":\"https:\/\/sidereus.site\/en\/product-page\/asta-boom\/#breadcrumb\",\"itemListElement\":[{\"@type\":\"ListItem\",\"position\":1,\"name\":\"Home\",\"item\":\"https:\/\/sidereus.site\/en\/\"},{\"@type\":\"ListItem\",\"position\":2,\"name\":\"Rental\",\"item\":\"https:\/\/sidereus.site\/en\/noleggio-attrezzature-audiovisive-a-milano\/\"},{\"@type\":\"ListItem\",\"position\":3,\"name\":\"Boom pole\"}]},{\"@type\":\"WebSite\",\"@id\":\"https:\/\/sidereus.site\/en\/#website\",\"url\":\"https:\/\/sidereus.site\/en\/\",\"name\":\"Sidereus\",\"description\":\"Ready to rent\",\"publisher\":{\"@id\":\"https:\/\/sidereus.site\/en\/#organization\"},\"potentialAction\":[{\"@type\":\"SearchAction\",\"target\":{\"@type\":\"EntryPoint\",\"urlTemplate\":\"https:\/\/sidereus.site\/en\/?s={search_term_string}\"},\"query-input\":{\"@type\":\"PropertyValueSpecification\",\"valueRequired\":true,\"valueName\":\"search_term_string\"}}],\"inLanguage\":\"en-US\"},{\"@type\":\"Organization\",\"@id\":\"https:\/\/sidereus.site\/en\/#organization\",\"name\":\"SIDEREUS\",\"url\":\"https:\/\/sidereus.site\/en\/\",\"logo\":{\"@type\":\"ImageObject\",\"inLanguage\":\"en-US\",\"@id\":\"https:\/\/sidereus.site\/en\/#\/schema\/logo\/image\/\",\"url\":\"https:\/\/sidereus.site\/wp-content\/uploads\/2022\/01\/Group-348.svg\",\"contentUrl\":\"https:\/\/sidereus.site\/wp-content\/uploads\/2022\/01\/Group-348.svg\",\"width\":42,\"height\":22,\"caption\":\"SIDEREUS\"},\"image\":{\"@id\":\"https:\/\/sidereus.site\/en\/#\/schema\/logo\/image\/\"},\"sameAs\":[\"https:\/\/it-it.facebook.com\/sidereusrental\/\",\"https:\/\/www.instagram.com\/sidereus_milano\/\"],\"vatID\":\"IT09929560960\"}]}<\/script>\n<!-- \/ Yoast SEO Premium plugin. -->","yoast_head_json":{"title":"Boom pole for rent in Milan by Sidereus","description":"The Boom pole for rent in Milan, also known as a microphone stand or boom rod, is an instrument used for professional audio recording","robots":{"index":"index","follow":"follow","max-snippet":"max-snippet:-1","max-image-preview":"max-image-preview:large","max-video-preview":"max-video-preview:-1"},"canonical":"https:\/\/sidereus.site\/en\/product-page\/asta-boom\/","og_locale":"en_US","og_type":"article","og_title":"Boom pole","og_description":"The Boom pole for rent in Milan, also known as a microphone stand or boom rod, is an instrument used for professional audio recording","og_url":"https:\/\/sidereus.site\/en\/product-page\/asta-boom\/","og_site_name":"Sidereus","article_publisher":"https:\/\/it-it.facebook.com\/sidereusrental\/","article_modified_time":"2025-05-08T15:10:18+00:00","og_image":[{"width":1280,"height":720,"url":"https:\/\/sidereus.site\/wp-content\/uploads\/2024\/08\/ASTA-BOOM-a-noleggio-01.png","type":"image\/png"}],"twitter_misc":{"Est. reading time":"1 minute"},"schema":{"@context":"https:\/\/schema.org","@graph":[{"@type":"WebPage","@id":"https:\/\/sidereus.site\/en\/product-page\/asta-boom\/","url":"https:\/\/sidereus.site\/en\/product-page\/asta-boom\/","name":"Boom pole for rent in Milan by Sidereus","isPartOf":{"@id":"https:\/\/sidereus.site\/en\/#website"},"primaryImageOfPage":{"@id":"https:\/\/sidereus.site\/en\/product-page\/asta-boom\/#primaryimage"},"image":{"@id":"https:\/\/sidereus.site\/en\/product-page\/asta-boom\/#primaryimage"},"thumbnailUrl":"https:\/\/sidereus.site\/wp-content\/uploads\/2024\/08\/ASTA-BOOM-a-noleggio-01.png","datePublished":"2023-09-21T06:50:03+00:00","dateModified":"2025-05-08T15:10:18+00:00","description":"The Boom pole for rent in Milan, also known as a microphone stand or boom rod, is an instrument used for professional audio recording","breadcrumb":{"@id":"https:\/\/sidereus.site\/en\/product-page\/asta-boom\/#breadcrumb"},"inLanguage":"en-US","potentialAction":[{"@type":"ReadAction","target":["https:\/\/sidereus.site\/en\/product-page\/asta-boom\/"]}]},{"@type":"ImageObject","inLanguage":"en-US","@id":"https:\/\/sidereus.site\/en\/product-page\/asta-boom\/#primaryimage","url":"https:\/\/sidereus.site\/wp-content\/uploads\/2024\/08\/ASTA-BOOM-a-noleggio-01.png","contentUrl":"https:\/\/sidereus.site\/wp-content\/uploads\/2024\/08\/ASTA-BOOM-a-noleggio-01.png","width":1280,"height":720,"caption":"Asta boom, Giraffa, Rode NTG4+, Microfono Shotgun, Rode Blimp, Zeppelin, Asta Boom a noleggio"},{"@type":"BreadcrumbList","@id":"https:\/\/sidereus.site\/en\/product-page\/asta-boom\/#breadcrumb","itemListElement":[{"@type":"ListItem","position":1,"name":"Home","item":"https:\/\/sidereus.site\/en\/"},{"@type":"ListItem","position":2,"name":"Rental","item":"https:\/\/sidereus.site\/en\/noleggio-attrezzature-audiovisive-a-milano\/"},{"@type":"ListItem","position":3,"name":"Boom pole"}]},{"@type":"WebSite","@id":"https:\/\/sidereus.site\/en\/#website","url":"https:\/\/sidereus.site\/en\/","name":"Sidereus","description":"Ready to rent","publisher":{"@id":"https:\/\/sidereus.site\/en\/#organization"},"potentialAction":[{"@type":"SearchAction","target":{"@type":"EntryPoint","urlTemplate":"https:\/\/sidereus.site\/en\/?s={search_term_string}"},"query-input":{"@type":"PropertyValueSpecification","valueRequired":true,"valueName":"search_term_string"}}],"inLanguage":"en-US"},{"@type":"Organization","@id":"https:\/\/sidereus.site\/en\/#organization","name":"SIDEREUS","url":"https:\/\/sidereus.site\/en\/","logo":{"@type":"ImageObject","inLanguage":"en-US","@id":"https:\/\/sidereus.site\/en\/#\/schema\/logo\/image\/","url":"https:\/\/sidereus.site\/wp-content\/uploads\/2022\/01\/Group-348.svg","contentUrl":"https:\/\/sidereus.site\/wp-content\/uploads\/2022\/01\/Group-348.svg","width":42,"height":22,"caption":"SIDEREUS"},"image":{"@id":"https:\/\/sidereus.site\/en\/#\/schema\/logo\/image\/"},"sameAs":["https:\/\/it-it.facebook.com\/sidereusrental\/","https:\/\/www.instagram.com\/sidereus_milano\/"],"vatID":"IT09929560960"}]}},"_links":{"self":[{"href":"https:\/\/sidereus.site\/en\/wp-json\/wp\/v2\/product\/1714"}],"collection":[{"href":"https:\/\/sidereus.site\/en\/wp-json\/wp\/v2\/product"}],"about":[{"href":"https:\/\/sidereus.site\/en\/wp-json\/wp\/v2\/types\/product"}],"wp:featuredmedia":[{"embeddable":true,"href":"https:\/\/sidereus.site\/en\/wp-json\/wp\/v2\/media\/8461"}],"wp:attachment":[{"href":"https:\/\/sidereus.site\/en\/wp-json\/wp\/v2\/media?parent=1714"}],"wp:term":[{"taxonomy":"product_brand","embeddable":true,"href":"https:\/\/sidereus.site\/en\/wp-json\/wp\/v2\/product_brand?post=1714"},{"taxonomy":"product_cat","embeddable":true,"href":"https:\/\/sidereus.site\/en\/wp-json\/wp\/v2\/product_cat?post=1714"},{"taxonomy":"product_tag","embeddable":true,"href":"https:\/\/sidereus.site\/en\/wp-json\/wp\/v2\/product_tag?post=1714"}],"curies":[{"name":"wp","href":"https:\/\/api.w.org\/{rel}","templated":true}]}}