{"id":10004,"date":"2024-06-04T15:03:45","date_gmt":"2024-06-04T13:03:45","guid":{"rendered":"https:\/\/sidereus.site\/product-page\/kupo-bandiera-floppy-90\/"},"modified":"2024-06-04T15:03:45","modified_gmt":"2024-06-04T13:03:45","slug":"kupo-bandiera-floppy-90","status":"publish","type":"product","link":"https:\/\/sidereus.site\/en\/product-page\/kupo-bandiera-floppy-90\/","title":{"rendered":"Kupo Bandiera Floppy 90"},"content":{"rendered":"<p>The Kupo Floppy Cutter 90 a noleggio a Milano, con dimensioni 90 x 90 cm, \u00e8 realizzata in resistente tessuto opaco con una struttura rigida. Quando \u00e8 chiusa, misura 90 x 90 cm, ma pu\u00f2 essere aperta tramite la cerniera superiore, raggiungendo le dimensioni di 90 x 180 cm. Questa bandiera apribile Kupo \u00e8 ideale come ombra di cortesia per telecamere o monitor all\u2019aperto, per bloccare la luce proveniente da una fonte o per controllare l\u2019illuminazione su un green screen.<\/p>\n","protected":false},"excerpt":{"rendered":"<p>The Kupo Floppy Cutter 90 a noleggio a Milano, con dimensioni 90 x 90 cm, \u00e8 realizzata in resistente tessuto opaco con una struttura rigida. Quando \u00e8 chiusa, misura 90 x 90 cm, ma pu\u00f2 essere aperta tramite la cerniera superiore, raggiungendo le dimensioni di 90 x 180 cm. Questa bandiera apribile Kupo \u00e8 ideale &hellip; <a href=\"https:\/\/sidereus.site\/en\/product-page\/kupo-bandiera-floppy-90\/\">Continued<\/a><\/p>\n","protected":false},"featured_media":7451,"template":"","meta":{"_acf_changed":false,"inline_featured_image":false,"ub_ctt_via":""},"product_brand":[],"product_cat":[519],"product_tag":[],"class_list":{"0":"post-10004","1":"product","2":"type-product","3":"status-publish","4":"has-post-thumbnail","6":"product_cat-frames-flags","8":"first","9":"instock","10":"taxable","11":"shipping-taxable","12":"purchasable","13":"product-type-simple"},"bundled_by":[],"bundle_stock_status":"instock","bundle_stock_quantity":null,"bundle_virtual":false,"bundle_layout":"","bundle_add_to_cart_form_location":"","bundle_editable_in_cart":false,"bundle_sold_individually_context":"","bundle_item_grouping":"","bundle_min_size":"","bundle_max_size":"","bundle_price":[],"bundled_items":[],"bundle_sell_ids":[],"acf":[],"yoast_head":"<!-- This site is optimized with the Yoast SEO Premium plugin v25.0 (Yoast SEO v25.0) - https:\/\/yoast.com\/wordpress\/plugins\/seo\/ -->\n<title>Kupo Floppy Flag 90 for rent by Sidereus<\/title>\n<meta name=\"description\" content=\"The Kupo Floppy Cutter 90 for rent in Milan, measuring 90 x 90 cm, is made of durable opaque fabric with a rigid frame. When closed, it measures 90 x 90 cm, but it can be unfolded via the top zipper, extending to 90 x 180 cm. This foldable Kupo flag is ideal as a courtesy shade for cameras or monitors outdoors, to block light from a source, or to control lighting on a green screen.\" \/>\n<meta name=\"robots\" content=\"index, follow, max-snippet:-1, max-image-preview:large, max-video-preview:-1\" \/>\n<link rel=\"canonical\" href=\"https:\/\/sidereus.site\/en\/product-page\/kupo-bandiera-floppy-90\/\" \/>\n<meta property=\"og:locale\" content=\"en_US\" \/>\n<meta property=\"og:type\" content=\"article\" \/>\n<meta property=\"og:title\" content=\"Kupo Bandiera Floppy 90\" \/>\n<meta property=\"og:description\" content=\"The Kupo Floppy Cutter 90 for rent in Milan, measuring 90 x 90 cm, is made of durable opaque fabric with a rigid frame. When closed, it measures 90 x 90 cm, but it can be unfolded via the top zipper, extending to 90 x 180 cm. This foldable Kupo flag is ideal as a courtesy shade for cameras or monitors outdoors, to block light from a source, or to control lighting on a green screen.\" \/>\n<meta property=\"og:url\" content=\"https:\/\/sidereus.site\/en\/product-page\/kupo-bandiera-floppy-90\/\" \/>\n<meta property=\"og:site_name\" content=\"Sidereus\" \/>\n<meta property=\"article:publisher\" content=\"https:\/\/it-it.facebook.com\/sidereusrental\/\" \/>\n<meta property=\"og:image\" content=\"https:\/\/sidereus.site\/wp-content\/uploads\/2024\/06\/Bandiera-kupo-floppy.png\" \/>\n\t<meta property=\"og:image:width\" content=\"1280\" \/>\n\t<meta property=\"og:image:height\" content=\"720\" \/>\n\t<meta property=\"og:image:type\" content=\"image\/png\" \/>\n<script type=\"application\/ld+json\" class=\"yoast-schema-graph\">{\"@context\":\"https:\/\/schema.org\",\"@graph\":[{\"@type\":\"WebPage\",\"@id\":\"https:\/\/sidereus.site\/en\/product-page\/kupo-bandiera-floppy-90\/\",\"url\":\"https:\/\/sidereus.site\/en\/product-page\/kupo-bandiera-floppy-90\/\",\"name\":\"Kupo Floppy Flag 90 for rent by Sidereus\",\"isPartOf\":{\"@id\":\"https:\/\/sidereus.site\/en\/#website\"},\"primaryImageOfPage\":{\"@id\":\"https:\/\/sidereus.site\/en\/product-page\/kupo-bandiera-floppy-90\/#primaryimage\"},\"image\":{\"@id\":\"https:\/\/sidereus.site\/en\/product-page\/kupo-bandiera-floppy-90\/#primaryimage\"},\"thumbnailUrl\":\"https:\/\/sidereus.site\/wp-content\/uploads\/2024\/06\/Bandiera-kupo-floppy.png\",\"datePublished\":\"2024-06-04T13:03:45+00:00\",\"description\":\"The Kupo Floppy Cutter 90 for rent in Milan, measuring 90 x 90 cm, is made of durable opaque fabric with a rigid frame. When closed, it measures 90 x 90 cm, but it can be unfolded via the top zipper, extending to 90 x 180 cm. This foldable Kupo flag is ideal as a courtesy shade for cameras or monitors outdoors, to block light from a source, or to control lighting on a green screen.\",\"breadcrumb\":{\"@id\":\"https:\/\/sidereus.site\/en\/product-page\/kupo-bandiera-floppy-90\/#breadcrumb\"},\"inLanguage\":\"en-US\",\"potentialAction\":[{\"@type\":\"ReadAction\",\"target\":[\"https:\/\/sidereus.site\/en\/product-page\/kupo-bandiera-floppy-90\/\"]}]},{\"@type\":\"ImageObject\",\"inLanguage\":\"en-US\",\"@id\":\"https:\/\/sidereus.site\/en\/product-page\/kupo-bandiera-floppy-90\/#primaryimage\",\"url\":\"https:\/\/sidereus.site\/wp-content\/uploads\/2024\/06\/Bandiera-kupo-floppy.png\",\"contentUrl\":\"https:\/\/sidereus.site\/wp-content\/uploads\/2024\/06\/Bandiera-kupo-floppy.png\",\"width\":1280,\"height\":720,\"caption\":\"Kupo Bandiera Floppy 90 for rent in Milan\"},{\"@type\":\"BreadcrumbList\",\"@id\":\"https:\/\/sidereus.site\/en\/product-page\/kupo-bandiera-floppy-90\/#breadcrumb\",\"itemListElement\":[{\"@type\":\"ListItem\",\"position\":1,\"name\":\"Home\",\"item\":\"https:\/\/sidereus.site\/en\/\"},{\"@type\":\"ListItem\",\"position\":2,\"name\":\"Rental\",\"item\":\"https:\/\/sidereus.site\/en\/noleggio-attrezzature-audiovisive-a-milano\/\"},{\"@type\":\"ListItem\",\"position\":3,\"name\":\"Kupo Bandiera Floppy 90\"}]},{\"@type\":\"WebSite\",\"@id\":\"https:\/\/sidereus.site\/en\/#website\",\"url\":\"https:\/\/sidereus.site\/en\/\",\"name\":\"Sidereus\",\"description\":\"Ready to rent\",\"publisher\":{\"@id\":\"https:\/\/sidereus.site\/en\/#organization\"},\"potentialAction\":[{\"@type\":\"SearchAction\",\"target\":{\"@type\":\"EntryPoint\",\"urlTemplate\":\"https:\/\/sidereus.site\/en\/?s={search_term_string}\"},\"query-input\":{\"@type\":\"PropertyValueSpecification\",\"valueRequired\":true,\"valueName\":\"search_term_string\"}}],\"inLanguage\":\"en-US\"},{\"@type\":\"Organization\",\"@id\":\"https:\/\/sidereus.site\/en\/#organization\",\"name\":\"SIDEREUS\",\"url\":\"https:\/\/sidereus.site\/en\/\",\"logo\":{\"@type\":\"ImageObject\",\"inLanguage\":\"en-US\",\"@id\":\"https:\/\/sidereus.site\/en\/#\/schema\/logo\/image\/\",\"url\":\"https:\/\/sidereus.site\/wp-content\/uploads\/2022\/01\/Group-348.svg\",\"contentUrl\":\"https:\/\/sidereus.site\/wp-content\/uploads\/2022\/01\/Group-348.svg\",\"width\":42,\"height\":22,\"caption\":\"SIDEREUS\"},\"image\":{\"@id\":\"https:\/\/sidereus.site\/en\/#\/schema\/logo\/image\/\"},\"sameAs\":[\"https:\/\/it-it.facebook.com\/sidereusrental\/\",\"https:\/\/www.instagram.com\/sidereus_milano\/\"],\"vatID\":\"IT09929560960\"}]}<\/script>\n<!-- \/ Yoast SEO Premium plugin. -->","yoast_head_json":{"title":"Kupo Floppy Flag 90 for rent by Sidereus","description":"The Kupo Floppy Cutter 90 for rent in Milan, measuring 90 x 90 cm, is made of durable opaque fabric with a rigid frame. When closed, it measures 90 x 90 cm, but it can be unfolded via the top zipper, extending to 90 x 180 cm. This foldable Kupo flag is ideal as a courtesy shade for cameras or monitors outdoors, to block light from a source, or to control lighting on a green screen.","robots":{"index":"index","follow":"follow","max-snippet":"max-snippet:-1","max-image-preview":"max-image-preview:large","max-video-preview":"max-video-preview:-1"},"canonical":"https:\/\/sidereus.site\/en\/product-page\/kupo-bandiera-floppy-90\/","og_locale":"en_US","og_type":"article","og_title":"Kupo Bandiera Floppy 90","og_description":"The Kupo Floppy Cutter 90 for rent in Milan, measuring 90 x 90 cm, is made of durable opaque fabric with a rigid frame. When closed, it measures 90 x 90 cm, but it can be unfolded via the top zipper, extending to 90 x 180 cm. This foldable Kupo flag is ideal as a courtesy shade for cameras or monitors outdoors, to block light from a source, or to control lighting on a green screen.","og_url":"https:\/\/sidereus.site\/en\/product-page\/kupo-bandiera-floppy-90\/","og_site_name":"Sidereus","article_publisher":"https:\/\/it-it.facebook.com\/sidereusrental\/","og_image":[{"width":1280,"height":720,"url":"https:\/\/sidereus.site\/wp-content\/uploads\/2024\/06\/Bandiera-kupo-floppy.png","type":"image\/png"}],"schema":{"@context":"https:\/\/schema.org","@graph":[{"@type":"WebPage","@id":"https:\/\/sidereus.site\/en\/product-page\/kupo-bandiera-floppy-90\/","url":"https:\/\/sidereus.site\/en\/product-page\/kupo-bandiera-floppy-90\/","name":"Kupo Floppy Flag 90 for rent by Sidereus","isPartOf":{"@id":"https:\/\/sidereus.site\/en\/#website"},"primaryImageOfPage":{"@id":"https:\/\/sidereus.site\/en\/product-page\/kupo-bandiera-floppy-90\/#primaryimage"},"image":{"@id":"https:\/\/sidereus.site\/en\/product-page\/kupo-bandiera-floppy-90\/#primaryimage"},"thumbnailUrl":"https:\/\/sidereus.site\/wp-content\/uploads\/2024\/06\/Bandiera-kupo-floppy.png","datePublished":"2024-06-04T13:03:45+00:00","description":"The Kupo Floppy Cutter 90 for rent in Milan, measuring 90 x 90 cm, is made of durable opaque fabric with a rigid frame. When closed, it measures 90 x 90 cm, but it can be unfolded via the top zipper, extending to 90 x 180 cm. This foldable Kupo flag is ideal as a courtesy shade for cameras or monitors outdoors, to block light from a source, or to control lighting on a green screen.","breadcrumb":{"@id":"https:\/\/sidereus.site\/en\/product-page\/kupo-bandiera-floppy-90\/#breadcrumb"},"inLanguage":"en-US","potentialAction":[{"@type":"ReadAction","target":["https:\/\/sidereus.site\/en\/product-page\/kupo-bandiera-floppy-90\/"]}]},{"@type":"ImageObject","inLanguage":"en-US","@id":"https:\/\/sidereus.site\/en\/product-page\/kupo-bandiera-floppy-90\/#primaryimage","url":"https:\/\/sidereus.site\/wp-content\/uploads\/2024\/06\/Bandiera-kupo-floppy.png","contentUrl":"https:\/\/sidereus.site\/wp-content\/uploads\/2024\/06\/Bandiera-kupo-floppy.png","width":1280,"height":720,"caption":"Kupo Bandiera Floppy 90 for rent in Milan"},{"@type":"BreadcrumbList","@id":"https:\/\/sidereus.site\/en\/product-page\/kupo-bandiera-floppy-90\/#breadcrumb","itemListElement":[{"@type":"ListItem","position":1,"name":"Home","item":"https:\/\/sidereus.site\/en\/"},{"@type":"ListItem","position":2,"name":"Rental","item":"https:\/\/sidereus.site\/en\/noleggio-attrezzature-audiovisive-a-milano\/"},{"@type":"ListItem","position":3,"name":"Kupo Bandiera Floppy 90"}]},{"@type":"WebSite","@id":"https:\/\/sidereus.site\/en\/#website","url":"https:\/\/sidereus.site\/en\/","name":"Sidereus","description":"Ready to rent","publisher":{"@id":"https:\/\/sidereus.site\/en\/#organization"},"potentialAction":[{"@type":"SearchAction","target":{"@type":"EntryPoint","urlTemplate":"https:\/\/sidereus.site\/en\/?s={search_term_string}"},"query-input":{"@type":"PropertyValueSpecification","valueRequired":true,"valueName":"search_term_string"}}],"inLanguage":"en-US"},{"@type":"Organization","@id":"https:\/\/sidereus.site\/en\/#organization","name":"SIDEREUS","url":"https:\/\/sidereus.site\/en\/","logo":{"@type":"ImageObject","inLanguage":"en-US","@id":"https:\/\/sidereus.site\/en\/#\/schema\/logo\/image\/","url":"https:\/\/sidereus.site\/wp-content\/uploads\/2022\/01\/Group-348.svg","contentUrl":"https:\/\/sidereus.site\/wp-content\/uploads\/2022\/01\/Group-348.svg","width":42,"height":22,"caption":"SIDEREUS"},"image":{"@id":"https:\/\/sidereus.site\/en\/#\/schema\/logo\/image\/"},"sameAs":["https:\/\/it-it.facebook.com\/sidereusrental\/","https:\/\/www.instagram.com\/sidereus_milano\/"],"vatID":"IT09929560960"}]}},"_links":{"self":[{"href":"https:\/\/sidereus.site\/en\/wp-json\/wp\/v2\/product\/10004"}],"collection":[{"href":"https:\/\/sidereus.site\/en\/wp-json\/wp\/v2\/product"}],"about":[{"href":"https:\/\/sidereus.site\/en\/wp-json\/wp\/v2\/types\/product"}],"wp:featuredmedia":[{"embeddable":true,"href":"https:\/\/sidereus.site\/en\/wp-json\/wp\/v2\/media\/7451"}],"wp:attachment":[{"href":"https:\/\/sidereus.site\/en\/wp-json\/wp\/v2\/media?parent=10004"}],"wp:term":[{"taxonomy":"product_brand","embeddable":true,"href":"https:\/\/sidereus.site\/en\/wp-json\/wp\/v2\/product_brand?post=10004"},{"taxonomy":"product_cat","embeddable":true,"href":"https:\/\/sidereus.site\/en\/wp-json\/wp\/v2\/product_cat?post=10004"},{"taxonomy":"product_tag","embeddable":true,"href":"https:\/\/sidereus.site\/en\/wp-json\/wp\/v2\/product_tag?post=10004"}],"curies":[{"name":"wp","href":"https:\/\/api.w.org\/{rel}","templated":true}]}}